{"id":156,"date":"2020-02-16T21:34:06","date_gmt":"2020-02-16T21:34:06","guid":{"rendered":"https:\/\/simsek-law.de\/?page_id=156"},"modified":"2024-09-10T09:31:32","modified_gmt":"2024-09-10T09:31:32","slug":"kontakt-de","status":"publish","type":"page","link":"https:\/\/simsek-law.de\/?page_id=156","title":{"rendered":"Kontakt &#8211; Simsek Law"},"content":{"rendered":"<p>[et_pb_section fb_built=&#8220;1&#8243; disabled_on=&#8220;on|on|off&#8220; admin_label=&#8220;Page Title Section&#8220; _builder_version=&#8220;4.3.2&#8243; use_background_color_gradient=&#8220;on&#8220; background_color_gradient_start=&#8220;#313e47&#8243; background_color_gradient_end=&#8220;rgba(49,62,71,0.5)&#8220; background_color_gradient_direction=&#8220;360deg&#8220; background_image=&#8220;https:\/\/simsek-law.de\/wp-content\/uploads\/2020\/02\/law-firm-28-e1581246278735.jpg&#8220; transform_translate=&#8220;-1px|-100px&#8220; transform_translate_linked=&#8220;off&#8220; width=&#8220;273.2%&#8220; min_height=&#8220;366px&#8220; height=&#8220;570px&#8220; max_height=&#8220;448px&#8220; custom_margin=&#8220;72px|-270px|-137px|-502px|false|false&#8220; custom_padding=&#8220;0px||47px|0px|false|false&#8220; filter_saturate=&#8220;77%&#8220; filter_brightness=&#8220;102%&#8220; filter_contrast=&#8220;127%&#8220; link_option_url=&#8220;home.php&#8220; collapsed=&#8220;off&#8220;][et_pb_row admin_label=&#8220;Page Title Area&#8220; _builder_version=&#8220;4.3.2&#8243; background_size=&#8220;initial&#8220; background_position=&#8220;top_left&#8220; background_repeat=&#8220;repeat&#8220; custom_margin=&#8220;-243px|auto|-270px|auto|false|false&#8220;][et_pb_column type=&#8220;4_4&#8243; _builder_version=&#8220;3.25&#8243; custom_padding=&#8220;|||&#8220; custom_padding__hover=&#8220;|||&#8220;][et_pb_text admin_label=&#8220;Page Title&#8220; _builder_version=&#8220;4.3.2&#8243; text_font=&#8220;||||||||&#8220; text_text_color=&#8220;#ffffff&#8220; text_font_size=&#8220;18px&#8220; text_line_height=&#8220;2em&#8220; header_font=&#8220;Prata||||||||&#8220; header_font_size=&#8220;60px&#8220; header_line_height=&#8220;1.6em&#8220; header_3_font=&#8220;||||||||&#8220; header_3_line_height=&#8220;1.8em&#8220; text_orientation=&#8220;center&#8220; background_layout=&#8220;dark&#8220; max_width=&#8220;700px&#8220; module_alignment=&#8220;center&#8220; min_height=&#8220;81px&#8220; height=&#8220;100px&#8220; max_height=&#8220;100px&#8220; custom_margin=&#8220;50px||10px||false|false&#8220; animation_style=&#8220;fade&#8220; header_font_size_tablet=&#8220;40px&#8220; header_font_size_phone=&#8220;&#8220; header_font_size_last_edited=&#8220;on|desktop&#8220;][\/et_pb_text][\/et_pb_column][\/et_pb_row][\/et_pb_section][et_pb_section fb_built=&#8220;1&#8243; admin_label=&#8220;Quote Section&#8220; _builder_version=&#8220;4.3.2&#8243; transform_translate=&#8220;0px|37px&#8220; transform_translate_linked=&#8220;off&#8220; min_height=&#8220;500px&#8220; custom_margin=&#8220;0px|-501px||-500px|false|false&#8220; custom_padding=&#8220;110px|0px|110px|0px&#8220; border_color_all=&#8220;rgba(255,186,96,0.6)&#8220; border_width_right=&#8220;8vw&#8220;][et_pb_row admin_label=&#8220;Quote Area&#8220; _builder_version=&#8220;4.3.2&#8243; custom_margin=&#8220;-80px||||false|false&#8220; border_width_left=&#8220;10px&#8220; border_color_left=&#8220;#313e47&#8243; use_custom_width=&#8220;on&#8220;][et_pb_column type=&#8220;4_4&#8243; _builder_version=&#8220;3.25&#8243; custom_padding=&#8220;|||&#8220; custom_padding__hover=&#8220;|||&#8220;][et_pb_text admin_label=&#8220;Author Name&#8220; _builder_version=&#8220;4.5.1&#8243; text_font=&#8220;|600||on|||||&#8220; text_text_color=&#8220;#0C71C3&#8243; text_letter_spacing=&#8220;4px&#8220; header_font=&#8220;||||||||&#8220; header_4_font=&#8220;||||||||&#8220; module_alignment=&#8220;center&#8220; custom_padding=&#8220;|||30px|false|false&#8220; animation_style=&#8220;slide&#8220; animation_direction=&#8220;bottom&#8220; animation_intensity_slide=&#8220;10%&#8220; animation_starting_opacity=&#8220;100%&#8220;]<\/p>\n<p>Kontakt<\/p>\n<p>[\/et_pb_text][et_pb_text _builder_version=&#8220;4.3.2&#8243; text_font=&#8220;Roboto Slab||||||||&#8220; text_font_size=&#8220;17px&#8220; text_letter_spacing=&#8220;1px&#8220; text_line_height=&#8220;1.8em&#8220; header_font=&#8220;||||||||&#8220; header_3_font=&#8220;||||||||&#8220; header_3_line_height=&#8220;1.6em&#8220; header_4_font=&#8220;||||||||&#8220; custom_margin=&#8220;|||&#8220; custom_padding=&#8220;|||30px&#8220; animation_style=&#8220;flip&#8220; animation_intensity_flip=&#8220;5%&#8220; animation_starting_opacity=&#8220;100%&#8220; background_last_edited=&#8220;on|desktop&#8220;]<\/p>\n<p>\u00a0Rechtsanw\u00e4ltin Sibel Simsek<\/p>\n<p>Bahnhofstra\u00dfe 69<\/p>\n<p>44575 Castrop Rauxel<\/p>\n<p>Tel.: 02305 \/ 35 886 55<\/p>\n<p><span style=\"font-size: inherit;\">Fax: 02305 \/ 35 886 54<\/span><\/p>\n<p>E-Mail: mail@simsek-law.de<\/p>\n<p><a href=\"http:\/\/www.simesek-law.de\">www.simsek-law.de<\/a><\/p>\n<p>&nbsp;<\/p>\n<p><span style=\"text-decoration: underline;\"><strong>B\u00fcrozeiten:<\/strong><\/span><\/p>\n<p>Montag bis Donnerstag\u00a0 \u00a0 \u00a0 \u00a0 09:00 \u2013 12:00 Uhr<\/p>\n<p>\u00a0\u00a0\u00a0\u00a0\u00a0\u00a0\u00a0\u00a0\u00a0\u00a0\u00a0\u00a0\u00a0\u00a0\u00a0\u00a0\u00a0\u00a0\u00a0\u00a0\u00a0\u00a0\u00a0\u00a0\u00a0\u00a0\u00a0\u00a0\u00a0\u00a0\u00a0\u00a0\u00a0\u00a0\u00a0 \u00a0\u00a0\u00a0\u00a0\u00a0\u00a0\u00a0\u00a0\u00a0\u00a0\u00a0 14:00 \u2013 17:00 Uhr<\/p>\n<p>Freitag\u00a0\u00a0\u00a0\u00a0\u00a0\u00a0\u00a0\u00a0\u00a0\u00a0\u00a0\u00a0\u00a0\u00a0\u00a0\u00a0\u00a0\u00a0\u00a0\u00a0\u00a0\u00a0\u00a0\u00a0\u00a0\u00a0\u00a0\u00a0\u00a0\u00a0\u00a0\u00a0\u00a0\u00a0\u00a0 09:00 \u2013 13:00 Uhr<\/p>\n<p>&nbsp;<\/p>\n<p><strong style=\"font-size: inherit;\"><\/strong><\/p>\n<p><strong style=\"font-size: inherit;\">So finden Sie uns:<\/strong><\/p>\n<p>Auf der A42 die Ausfahrt 26 Castrop-Rauxel nehmen und in Richtung Habinghorster Str.\/B235 Richtung Castrop-Rauxel Zentrum einf\u00e4deln. Nach ca. 500 m rechts abbiegen auf die Pallasstra\u00dfe. Am Ende der Stra\u00dfe (ca. 250 m) befindet sich unser B\u00fcro auf der gegen\u00fcberliegenden Stra\u00dfenseite (Neubau neben dem Amtsgericht). Es sind ausreichend Parkpl\u00e4tze vorhanden.<\/p>\n<p><span style=\"font-size: inherit;\">Mit dem Bus Linie 480 oder 482, Haltestelle Castrop-Rauxel Lunastra\u00dfe.\u00a0<\/span><a href=\"https:\/\/www.vrr.de\/de\/startseite\/\" style=\"font-size: inherit;\">Wegplanung VRR<\/a><\/p>\n<p>&nbsp;<\/p>\n<p>[\/et_pb_text][et_pb_code _builder_version=&#8220;4.5.1&#8243; max_width=&#8220;600px&#8220; custom_padding=&#8220;|||30px|false|false&#8220; link_option_url=&#8220;https:\/\/www.google.com\/maps\/place\/Anwaltskanzlei+Norbert+Sch%C3%A4fer\/@51.5582151,7.309223,18.04z\/data=!3m1!5s0x47b91dcb8bc89c39:0x2c60f59506fab8b9!4m13!1m7!3m6!1s0x47b91db509e7208d:0xe1993240e25d1cdd!2sBahnhofstra%C3%9Fe+69,+44575+Castrop-Rauxel!3b1!8m2!3d51.5631256!4d7.3138601!3m4!1s0x47b91dcb897ae2df:0xdc81c3355f58278c!8m2!3d51.5580698!4d7.3099655&#8243;]<!-- [et_pb_line_break_holder] -->[\/et_pb_code][et_pb_text _builder_version=&#8220;4.5.1&#8243; background_color=&#8220;#FFFFFF&#8220; custom_padding=&#8220;|||30px|false|false&#8220;]<\/p>\n<p>&nbsp;<\/p>\n<div role=\"form\" class=\"wpcf7\" id=\"wpcf7-f171-o1\" lang=\"de-DE\" dir=\"ltr\">\n<div class=\"screen-reader-response\"><p role=\"status\" aria-live=\"polite\" aria-atomic=\"true\"><\/p> <ul><\/ul><\/div>\n<form action=\"\/index.php?rest_route=%2Fwp%2Fv2%2Fpages%2F156#wpcf7-f171-o1\" method=\"post\" class=\"wpcf7-form init\" novalidate=\"novalidate\" data-status=\"init\">\n<div style=\"display: none;\">\n<input type=\"hidden\" name=\"_wpcf7\" value=\"171\" \/>\n<input type=\"hidden\" name=\"_wpcf7_version\" value=\"5.3\" \/>\n<input type=\"hidden\" name=\"_wpcf7_locale\" value=\"de_DE\" \/>\n<input type=\"hidden\" name=\"_wpcf7_unit_tag\" value=\"wpcf7-f171-o1\" \/>\n<input type=\"hidden\" name=\"_wpcf7_container_post\" value=\"0\" \/>\n<input type=\"hidden\" name=\"_wpcf7_posted_data_hash\" value=\"\" \/>\n<input type=\"hidden\" name=\"_wpcf7_recaptcha_response\" value=\"\" \/>\n<\/div>\n<p><label> Ihr Name (Pflichtfeld)<br \/>\n    <span class=\"wpcf7-form-control-wrap your-name\"><input type=\"text\" name=\"your-name\" value=\"\" size=\"40\" class=\"wpcf7-form-control wpcf7-text wpcf7-validates-as-required\" aria-required=\"true\" aria-invalid=\"false\" \/><\/span> <\/label><\/p>\n<p><label> Ihre E-Mail-Adresse (Pflichtfeld)<br \/>\n    <span class=\"wpcf7-form-control-wrap your-email\"><input type=\"email\" name=\"your-email\" value=\"\" size=\"40\" class=\"wpcf7-form-control wpcf7-text wpcf7-email wpcf7-validates-as-required wpcf7-validates-as-email\" aria-required=\"true\" aria-invalid=\"false\" \/><\/span> <\/label><\/p>\n<p><label> Ihre Telefonnr (Pflichtfeld)<br \/>\n<span class=\"wpcf7-form-control-wrap your-tel\"><input type=\"tel\" name=\"your-tel\" value=\"\" size=\"40\" class=\"wpcf7-form-control wpcf7-text wpcf7-tel wpcf7-validates-as-required wpcf7-validates-as-tel\" aria-required=\"true\" aria-invalid=\"false\" \/><\/span> <\/label><\/p>\n<p><label> Betreff (Pflichtfeld)<br \/>\n    <span class=\"wpcf7-form-control-wrap your-subject\"><input type=\"text\" name=\"your-subject\" value=\"\" size=\"40\" class=\"wpcf7-form-control wpcf7-text wpcf7-validates-as-required\" aria-required=\"true\" aria-invalid=\"false\" \/><\/span> <\/label><\/p>\n<p><label> Ihre Nachricht (Pflichtfeld)<br \/>\n    <span class=\"wpcf7-form-control-wrap your-message\"><textarea name=\"your-message\" cols=\"40\" rows=\"10\" class=\"wpcf7-form-control wpcf7-textarea wpcf7-validates-as-required\" id=\"kontakttextarea\" aria-required=\"true\" aria-invalid=\"false\"><\/textarea><\/span> <\/label><\/p>\n<div class=\"wpcf7-form-control-wrap\"><div data-sitekey=\"6Lfv2LYZAAAAAL4smbVs3q1qmUg5oHtGx8POD8ow\" class=\"wpcf7-form-control g-recaptcha wpcf7-recaptcha\"><\/div>\r\n<noscript>\r\n\t<div class=\"grecaptcha-noscript\">\r\n\t\t<iframe loading=\"lazy\" src=\"https:\/\/www.recaptcha.net\/recaptcha\/api\/fallback?k=6Lfv2LYZAAAAAL4smbVs3q1qmUg5oHtGx8POD8ow\" frameborder=\"0\" scrolling=\"no\" width=\"310\" height=\"430\">\r\n\t\t<\/iframe>\r\n\t\t<textarea name=\"g-recaptcha-response\" rows=\"3\" cols=\"40\" placeholder=\"reCaptcha Response Here\">\r\n\t\t<\/textarea>\r\n\t<\/div>\r\n<\/noscript>\r\n<\/div>\n<p><input type=\"submit\" value=\"Senden\" class=\"wpcf7-form-control wpcf7-submit\" \/><\/p>\n<div class=\"wpcf7-response-output\" aria-hidden=\"true\"><\/div><\/form><\/div>\n<p>[\/et_pb_text][et_pb_code _builder_version=&#8220;4.3.2&#8243;][\/et_pb_code][\/et_pb_column][\/et_pb_row][\/et_pb_section]<\/p>\n","protected":false},"excerpt":{"rendered":"<p>[et_pb_section fb_built=&#8220;1&#8243; disabled_on=&#8220;on|on|off&#8220; admin_label=&#8220;Page Title Section&#8220; _builder_version=&#8220;4.3.2&#8243; use_background_color_gradient=&#8220;on&#8220; background_color_gradient_start=&#8220;#313e47&#8243; background_color_gradient_end=&#8220;rgba(49,62,71,0.5)&#8220; background_color_gradient_direction=&#8220;360deg&#8220; background_image=&#8220;https:\/\/simsek-law.de\/wp-content\/uploads\/2020\/02\/law-firm-28-e1581246278735.jpg&#8220; transform_translate=&#8220;-1px|-100px&#8220; transform_translate_linked=&#8220;off&#8220; width=&#8220;273.2%&#8220; min_height=&#8220;366px&#8220; height=&#8220;570px&#8220; max_height=&#8220;448px&#8220; custom_margin=&#8220;72px|-270px|-137px|-502px|false|false&#8220; custom_padding=&#8220;0px||47px|0px|false|false&#8220; filter_saturate=&#8220;77%&#8220; filter_brightness=&#8220;102%&#8220; filter_contrast=&#8220;127%&#8220; link_option_url=&#8220;home.php&#8220; collapsed=&#8220;off&#8220;][et_pb_row admin_label=&#8220;Page Title Area&#8220; _builder_version=&#8220;4.3.2&#8243; background_size=&#8220;initial&#8220; background_position=&#8220;top_left&#8220; background_repeat=&#8220;repeat&#8220; custom_margin=&#8220;-243px|auto|-270px|auto|false|false&#8220;][et_pb_column type=&#8220;4_4&#8243; _builder_version=&#8220;3.25&#8243; custom_padding=&#8220;|||&#8220; custom_padding__hover=&#8220;|||&#8220;][et_pb_text admin_label=&#8220;Page Title&#8220; _builder_version=&#8220;4.3.2&#8243; text_font=&#8220;||||||||&#8220; text_text_color=&#8220;#ffffff&#8220; text_font_size=&#8220;18px&#8220; text_line_height=&#8220;2em&#8220; header_font=&#8220;Prata||||||||&#8220; header_font_size=&#8220;60px&#8220; header_line_height=&#8220;1.6em&#8220; header_3_font=&#8220;||||||||&#8220; header_3_line_height=&#8220;1.8em&#8220; text_orientation=&#8220;center&#8220; background_layout=&#8220;dark&#8220; max_width=&#8220;700px&#8220; module_alignment=&#8220;center&#8220; min_height=&#8220;81px&#8220; height=&#8220;100px&#8220; &hellip; <a href=\"https:\/\/simsek-law.de\/?page_id=156\" class=\"more-link\"><span class=\"screen-reader-text\">\u201eKontakt &#8211; Simsek Law\u201c <\/span>weiterlesen<\/a><\/p>\n","protected":false},"author":1,"featured_media":0,"parent":0,"menu_order":0,"comment_status":"closed","ping_status":"closed","template":"","meta":{"_et_pb_use_builder":"on","_et_pb_old_content":"","_et_gb_content_width":"","footnotes":""},"class_list":["post-156","page","type-page","status-publish","hentry"],"_links":{"self":[{"href":"https:\/\/simsek-law.de\/index.php?rest_route=\/wp\/v2\/pages\/156","targetHints":{"allow":["GET"]}}],"collection":[{"href":"https:\/\/simsek-law.de\/index.php?rest_route=\/wp\/v2\/pages"}],"about":[{"href":"https:\/\/simsek-law.de\/index.php?rest_route=\/wp\/v2\/types\/page"}],"author":[{"embeddable":true,"href":"https:\/\/simsek-law.de\/index.php?rest_route=\/wp\/v2\/users\/1"}],"replies":[{"embeddable":true,"href":"https:\/\/simsek-law.de\/index.php?rest_route=%2Fwp%2Fv2%2Fcomments&post=156"}],"version-history":[{"count":36,"href":"https:\/\/simsek-law.de\/index.php?rest_route=\/wp\/v2\/pages\/156\/revisions"}],"predecessor-version":[{"id":363,"href":"https:\/\/simsek-law.de\/index.php?rest_route=\/wp\/v2\/pages\/156\/revisions\/363"}],"wp:attachment":[{"href":"https:\/\/simsek-law.de\/index.php?rest_route=%2Fwp%2Fv2%2Fmedia&parent=156"}],"curies":[{"name":"wp","href":"https:\/\/api.w.org\/{rel}","templated":true}]}}